{"id":2038,"date":"2023-10-08T16:12:18","date_gmt":"2023-10-08T20:12:18","guid":{"rendered":"https:\/\/www.kyurensikodex.com\/?page_id=2038"},"modified":"2025-07-24T03:20:27","modified_gmt":"2025-07-24T07:20:27","slug":"remoras","status":"publish","type":"page","link":"https:\/\/www.kyurensikodex.com\/?page_id=2038","title":{"rendered":"R\u00e9moras"},"content":{"rendered":"\n<p>Ici, c&rsquo;est la section du kodex pour ceux qui, en d\u00e9pit de la laideur du kyurensiiisme, savourent les plaisirs des in\u00e9galit\u00e9s sociales. Qu&rsquo;ils se regardent dans l&rsquo;aileron et rencontrent le reflet de leur monstruosit\u00e9.<\/p>\n\n\n\n<p>Si vous \u00eates perdus comme tout le monde dans le Kyurensi Kodex, voici la carte de ce cirque : le <a href=\"https:\/\/www.kyurensikodex.com\/?p=2416\" data-type=\"post\" data-id=\"2416\">Corpus Methodus Logos<\/a> <\/p>\n\n\n\n<div class=\"wp-block-columns is-layout-flex wp-container-core-columns-is-layout-9d6595d7 wp-block-columns-is-layout-flex\">\n<div class=\"wp-block-column is-layout-flow wp-block-column-is-layout-flow\">\n<figure class=\"wp-block-image size-large\"><a href=\"https:\/\/www.kyurensikodex.com\/?p=2033\"><img data-recalc-dims=\"1\" decoding=\"async\" width=\"512\" height=\"288\" data-src=\"https:\/\/i0.wp.com\/www.kyurensikodex.com\/wp-content\/uploads\/2023\/10\/24-maledicites.png?resize=512%2C288&#038;ssl=1\" alt=\"\" class=\"wp-image-2036 lazyload\" data-srcset=\"https:\/\/i0.wp.com\/www.kyurensikodex.com\/wp-content\/uploads\/2023\/10\/24-maledicites.png?resize=512%2C288&amp;ssl=1 512w, https:\/\/i0.wp.com\/www.kyurensikodex.com\/wp-content\/uploads\/2023\/10\/24-maledicites.png?resize=300%2C169&amp;ssl=1 300w, https:\/\/i0.wp.com\/www.kyurensikodex.com\/wp-content\/uploads\/2023\/10\/24-maledicites.png?resize=768%2C432&amp;ssl=1 768w, https:\/\/i0.wp.com\/www.kyurensikodex.com\/wp-content\/uploads\/2023\/10\/24-maledicites.png?resize=1536%2C864&amp;ssl=1 1536w, https:\/\/i0.wp.com\/www.kyurensikodex.com\/wp-content\/uploads\/2023\/10\/24-maledicites.png?resize=1568%2C882&amp;ssl=1 1568w, https:\/\/i0.wp.com\/www.kyurensikodex.com\/wp-content\/uploads\/2023\/10\/24-maledicites.png?w=1920&amp;ssl=1 1920w\" data-sizes=\"(max-width: 512px) 100vw, 512px\" src=\"data:image\/svg+xml;base64,PHN2ZyB3aWR0aD0iMSIgaGVpZ2h0PSIxIiB4bWxucz0iaHR0cDovL3d3dy53My5vcmcvMjAwMC9zdmciPjwvc3ZnPg==\" style=\"--smush-placeholder-width: 512px; --smush-placeholder-aspect-ratio: 512\/288;\" \/><\/a><\/figure>\n<\/div>\n\n\n\n<div class=\"wp-block-column is-layout-flow wp-block-column-is-layout-flow\">\n<h3 class=\"wp-block-heading has-text-align-center\">Les 24 mal\u00e9dicit\u00e9s des kyurensiiites<\/h3>\n<\/div>\n<\/div>\n","protected":false},"excerpt":{"rendered":"<p>Ici, c&rsquo;est la section du kodex pour ceux qui, en d\u00e9pit de la laideur du kyurensiiisme, savourent les plaisirs des in\u00e9galit\u00e9s sociales. Qu&rsquo;ils se regardent dans l&rsquo;aileron et rencontrent le reflet de leur monstruosit\u00e9. Si vous \u00eates perdus comme tout le monde dans le Kyurensi Kodex, voici la carte de ce cirque : le Corpus&hellip; <a class=\"more-link\" href=\"https:\/\/www.kyurensikodex.com\/?page_id=2038\">Continue reading <span class=\"screen-reader-text\">R\u00e9moras<\/span><\/a><\/p>\n","protected":false},"author":1,"featured_media":0,"parent":0,"menu_order":0,"comment_status":"closed","ping_status":"closed","template":"","meta":{"footnotes":""},"class_list":["post-2038","page","type-page","status-publish","hentry","entry"],"jetpack-related-posts":[{"id":1696,"url":"https:\/\/www.kyurensikodex.com\/?page_id=1696","url_meta":{"origin":2038,"position":0},"title":"Kodex de la langue fran\u00e7aise","author":"Jonathankhamon Kyurensimard","date":"16 septembre 2023","format":false,"excerpt":"Cette section du Kyurensi Kodex se penche sur la langue fran\u00e7aise et ses kyurensillons de r\u00e8gles avec ses kyurensillards d'exceptions. Il serait difficile de se pencher sur chaque kyurensill\u00e8me de la langue de Kyurensi, mais voyez ceci comme une humble contribution de la part de celui qui se mord la\u2026","rel":"","context":"Similar post","block_context":{"text":"Similar post","link":""},"img":{"alt_text":"","src":"https:\/\/i0.wp.com\/www.kyurensikodex.com\/wp-content\/uploads\/2023\/04\/trop-de-classes-de-mots.png?resize=350%2C200&ssl=1","width":350,"height":200,"srcset":"https:\/\/i0.wp.com\/www.kyurensikodex.com\/wp-content\/uploads\/2023\/04\/trop-de-classes-de-mots.png?resize=350%2C200&ssl=1 1x, https:\/\/i0.wp.com\/www.kyurensikodex.com\/wp-content\/uploads\/2023\/04\/trop-de-classes-de-mots.png?resize=525%2C300&ssl=1 1.5x, https:\/\/i0.wp.com\/www.kyurensikodex.com\/wp-content\/uploads\/2023\/04\/trop-de-classes-de-mots.png?resize=700%2C400&ssl=1 2x, https:\/\/i0.wp.com\/www.kyurensikodex.com\/wp-content\/uploads\/2023\/04\/trop-de-classes-de-mots.png?resize=1050%2C600&ssl=1 3x, https:\/\/i0.wp.com\/www.kyurensikodex.com\/wp-content\/uploads\/2023\/04\/trop-de-classes-de-mots.png?resize=1400%2C800&ssl=1 4x"},"classes":[]},{"id":1961,"url":"https:\/\/www.kyurensikodex.com\/?page_id=1961","url_meta":{"origin":2038,"position":1},"title":"Squalus INCognitus","author":"Jonathankhamon Kyurensimard","date":"24 septembre 2023","format":false,"excerpt":"Cette section du Kyurensi Kodex met la lumi\u00e8re sur ce que nous ne pouvons voir dans le noir. La ritournelle des profondeurs Si vous \u00eates perdus comme moi dans le Kyurensi Kodex, visitez le Corpus Methodus Logos pour vous situer dans cette recherche\/cr\u00e9ation. \u00c0 la base, cette section se penchait\u2026","rel":"","context":"Similar post","block_context":{"text":"Similar post","link":""},"img":{"alt_text":"","src":"https:\/\/i0.wp.com\/www.kyurensikodex.com\/wp-content\/uploads\/2026\/04\/ritournelle-des-profondeurs.jpg?resize=350%2C200&ssl=1","width":350,"height":200,"srcset":"https:\/\/i0.wp.com\/www.kyurensikodex.com\/wp-content\/uploads\/2026\/04\/ritournelle-des-profondeurs.jpg?resize=350%2C200&ssl=1 1x, https:\/\/i0.wp.com\/www.kyurensikodex.com\/wp-content\/uploads\/2026\/04\/ritournelle-des-profondeurs.jpg?resize=525%2C300&ssl=1 1.5x, https:\/\/i0.wp.com\/www.kyurensikodex.com\/wp-content\/uploads\/2026\/04\/ritournelle-des-profondeurs.jpg?resize=700%2C400&ssl=1 2x, https:\/\/i0.wp.com\/www.kyurensikodex.com\/wp-content\/uploads\/2026\/04\/ritournelle-des-profondeurs.jpg?resize=1050%2C600&ssl=1 3x, https:\/\/i0.wp.com\/www.kyurensikodex.com\/wp-content\/uploads\/2026\/04\/ritournelle-des-profondeurs.jpg?resize=1400%2C800&ssl=1 4x"},"classes":[]},{"id":2407,"url":"https:\/\/www.kyurensikodex.com\/?page_id=2407","url_meta":{"origin":2038,"position":2},"title":"Cirque d&rsquo;Encycliques","author":"Jonathankhamon Kyurensimard","date":"29 f\u00e9vrier 2024","format":false,"excerpt":"Ici vous trouverez les diff\u00e9rents manifestes du Kyurensi Kodex. Parce que. Le Corpus Methodus Logos de la th\u00e9orie d\u00e9sancr\u00e9e du Kyurensi Kodex Le d\u00e9clin de l'\u00e8re du requin Babedibeda Immanifesto","rel":"","context":"Similar post","block_context":{"text":"Similar post","link":""},"img":{"alt_text":"","src":"https:\/\/i0.wp.com\/www.kyurensikodex.com\/wp-content\/uploads\/2024\/03\/corpus-methodus-logos.png?resize=350%2C200&ssl=1","width":350,"height":200,"srcset":"https:\/\/i0.wp.com\/www.kyurensikodex.com\/wp-content\/uploads\/2024\/03\/corpus-methodus-logos.png?resize=350%2C200&ssl=1 1x, https:\/\/i0.wp.com\/www.kyurensikodex.com\/wp-content\/uploads\/2024\/03\/corpus-methodus-logos.png?resize=525%2C300&ssl=1 1.5x, https:\/\/i0.wp.com\/www.kyurensikodex.com\/wp-content\/uploads\/2024\/03\/corpus-methodus-logos.png?resize=700%2C400&ssl=1 2x, https:\/\/i0.wp.com\/www.kyurensikodex.com\/wp-content\/uploads\/2024\/03\/corpus-methodus-logos.png?resize=1050%2C600&ssl=1 3x, https:\/\/i0.wp.com\/www.kyurensikodex.com\/wp-content\/uploads\/2024\/03\/corpus-methodus-logos.png?resize=1400%2C800&ssl=1 4x"},"classes":[]},{"id":2204,"url":"https:\/\/www.kyurensikodex.com\/?page_id=2204","url_meta":{"origin":2038,"position":3},"title":"\u00cathikos Karcharias","author":"Jonathankhamon Kyurensimard","date":"5 novembre 2023","format":false,"excerpt":"Cette section du Kodex se penchera sur les questions \u00e9thiques qui animent l'Aquarium Social. Si vous \u00eates perdus comme tout le monde dans le Kyurensi Kodex, voici la carte de ce cirque : le Corpus Methodus Logos La D\u00e9claration universelle des gauches de l'homme","rel":"","context":"Similar post","block_context":{"text":"Similar post","link":""},"img":{"alt_text":"","src":"https:\/\/i0.wp.com\/www.kyurensikodex.com\/wp-content\/uploads\/2023\/11\/gauches-universels.png?resize=350%2C200&ssl=1","width":350,"height":200,"srcset":"https:\/\/i0.wp.com\/www.kyurensikodex.com\/wp-content\/uploads\/2023\/11\/gauches-universels.png?resize=350%2C200&ssl=1 1x, https:\/\/i0.wp.com\/www.kyurensikodex.com\/wp-content\/uploads\/2023\/11\/gauches-universels.png?resize=525%2C300&ssl=1 1.5x, https:\/\/i0.wp.com\/www.kyurensikodex.com\/wp-content\/uploads\/2023\/11\/gauches-universels.png?resize=700%2C400&ssl=1 2x, https:\/\/i0.wp.com\/www.kyurensikodex.com\/wp-content\/uploads\/2023\/11\/gauches-universels.png?resize=1050%2C600&ssl=1 3x, https:\/\/i0.wp.com\/www.kyurensikodex.com\/wp-content\/uploads\/2023\/11\/gauches-universels.png?resize=1400%2C800&ssl=1 4x"},"classes":[]},{"id":1667,"url":"https:\/\/www.kyurensikodex.com\/?page_id=1667","url_meta":{"origin":2038,"position":4},"title":"Primal Chimeria","author":"Jonathankhamon Kyurensimard","date":"16 septembre 2023","format":false,"excerpt":"Cette section du Kyurensi Kodex s'int\u00e9resse au subconscient, autant le personnel que le collectif, \u00e0 la conscience et tout ce qui s'y rattache comme des r\u00e9moras aux requins. Si vous \u00eates perdus comme tout le monde dans le Kyurensi Kodex, voici la carte de ce cirque : le Corpus Methodus\u2026","rel":"","context":"Similar post","block_context":{"text":"Similar post","link":""},"img":{"alt_text":"","src":"https:\/\/i0.wp.com\/www.kyurensikodex.com\/wp-content\/uploads\/2023\/09\/inmythe-du-kyurensiiisme.png?resize=350%2C200&ssl=1","width":350,"height":200,"srcset":"https:\/\/i0.wp.com\/www.kyurensikodex.com\/wp-content\/uploads\/2023\/09\/inmythe-du-kyurensiiisme.png?resize=350%2C200&ssl=1 1x, https:\/\/i0.wp.com\/www.kyurensikodex.com\/wp-content\/uploads\/2023\/09\/inmythe-du-kyurensiiisme.png?resize=525%2C300&ssl=1 1.5x, https:\/\/i0.wp.com\/www.kyurensikodex.com\/wp-content\/uploads\/2023\/09\/inmythe-du-kyurensiiisme.png?resize=700%2C400&ssl=1 2x, https:\/\/i0.wp.com\/www.kyurensikodex.com\/wp-content\/uploads\/2023\/09\/inmythe-du-kyurensiiisme.png?resize=1050%2C600&ssl=1 3x, https:\/\/i0.wp.com\/www.kyurensikodex.com\/wp-content\/uploads\/2023\/09\/inmythe-du-kyurensiiisme.png?resize=1400%2C800&ssl=1 4x"},"classes":[]},{"id":1681,"url":"https:\/\/www.kyurensikodex.com\/?page_id=1681","url_meta":{"origin":2038,"position":5},"title":"G\u00e9ninomie","author":"Jonathankhamon Kyurensimard","date":"16 septembre 2023","format":false,"excerpt":"Cette section du Kyurensi Kodex est la plus primordiale. Elle se penche sur la g\u00e9ninomie, l'envers de la pi\u00e8ce qu'est l'\u00e9conomie. Si vous \u00eates perdus comme tout le monde dans le Kyurensi Kodex, voici la carte de ce cirque : le Corpus Methodus Logos La g\u00e9ninomie pour les nuls La\u2026","rel":"","context":"Similar post","block_context":{"text":"Similar post","link":""},"img":{"alt_text":"","src":"https:\/\/i0.wp.com\/www.kyurensikodex.com\/wp-content\/uploads\/2024\/02\/geninomie-banner.png?fit=1024%2C512&ssl=1&resize=350%2C200","width":350,"height":200,"srcset":"https:\/\/i0.wp.com\/www.kyurensikodex.com\/wp-content\/uploads\/2024\/02\/geninomie-banner.png?fit=1024%2C512&ssl=1&resize=350%2C200 1x, https:\/\/i0.wp.com\/www.kyurensikodex.com\/wp-content\/uploads\/2024\/02\/geninomie-banner.png?fit=1024%2C512&ssl=1&resize=525%2C300 1.5x, https:\/\/i0.wp.com\/www.kyurensikodex.com\/wp-content\/uploads\/2024\/02\/geninomie-banner.png?fit=1024%2C512&ssl=1&resize=700%2C400 2x"},"classes":[]}],"jetpack_sharing_enabled":true,"_links":{"self":[{"href":"https:\/\/www.kyurensikodex.com\/index.php?rest_route=\/wp\/v2\/pages\/2038","targetHints":{"allow":["GET"]}}],"collection":[{"href":"https:\/\/www.kyurensikodex.com\/index.php?rest_route=\/wp\/v2\/pages"}],"about":[{"href":"https:\/\/www.kyurensikodex.com\/index.php?rest_route=\/wp\/v2\/types\/page"}],"author":[{"embeddable":true,"href":"https:\/\/www.kyurensikodex.com\/index.php?rest_route=\/wp\/v2\/users\/1"}],"replies":[{"embeddable":true,"href":"https:\/\/www.kyurensikodex.com\/index.php?rest_route=%2Fwp%2Fv2%2Fcomments&post=2038"}],"version-history":[{"count":3,"href":"https:\/\/www.kyurensikodex.com\/index.php?rest_route=\/wp\/v2\/pages\/2038\/revisions"}],"predecessor-version":[{"id":2615,"href":"https:\/\/www.kyurensikodex.com\/index.php?rest_route=\/wp\/v2\/pages\/2038\/revisions\/2615"}],"wp:attachment":[{"href":"https:\/\/www.kyurensikodex.com\/index.php?rest_route=%2Fwp%2Fv2%2Fmedia&parent=2038"}],"curies":[{"name":"wp","href":"https:\/\/api.w.org\/{rel}","templated":true}]}}